{"id":311,"date":"2017-01-23T21:03:09","date_gmt":"2017-01-23T21:03:09","guid":{"rendered":"https:\/\/smartmag.theme-sphere.com\/zine\/sitemap\/"},"modified":"2017-01-23T21:03:09","modified_gmt":"2017-01-23T21:03:09","slug":"so-do-trang-web","status":"publish","type":"page","link":"https:\/\/treidy.com\/vi\/sitemap\/","title":{"rendered":"S\u01a1 \u0111\u1ed3 trang web"},"content":{"rendered":"<p>T\u1ea1i \u0111\u00e2y, b\u1ea1n c\u00f3 th\u1ec3 th\u00eam th\u00f4ng b\u00e1o t\u00f9y ch\u1ec9nh n\u1ebfu mu\u1ed1n \u2013 c\u00f3 th\u1ec3 x\u00e1c \u0111\u1ecbnh c\u00e1ch s\u1eed d\u1ee5ng s\u01a1 \u0111\u1ed3 trang web ho\u1eb7c \u0111\u01b0a ra m\u1ed9t s\u1ed1 th\u1ed1ng k\u00ea h\u1eefu \u00edch. \u0110\u1eb7t h\u00ecnh \u1ea3nh n\u1ed5i b\u1eadt c\u1ee7a ri\u00eang b\u1ea1n v\u00e0 b\u1eadt thanh b\u00ean n\u1ebfu b\u1ea1n mu\u1ed1n.<\/p>\n<p>V\u00e0 m\u1ed9t s\u1ed1 th\u00f4ng tin s\u1ebd \u0111\u01b0\u1ee3c th\u00eam v\u00e0o \u0111\u00e2y.<\/p>","protected":false},"excerpt":{"rendered":"<p>T\u1ea1i \u0111\u00e2y, b\u1ea1n c\u00f3 th\u1ec3 th\u00eam th\u00f4ng b\u00e1o t\u00f9y ch\u1ec9nh n\u1ebfu mu\u1ed1n \u2013 c\u00f3 th\u1ec3 x\u00e1c \u0111\u1ecbnh c\u00e1ch s\u1eed d\u1ee5ng s\u01a1 \u0111\u1ed3 trang web ho\u1eb7c \u0111\u01b0a ra m\u1ed9t s\u1ed1 th\u1ed1ng k\u00ea h\u1eefu \u00edch. \u0110\u1eb7t h\u00ecnh \u1ea3nh n\u1ed5i b\u1eadt c\u1ee7a ri\u00eang b\u1ea1n v\u00e0 b\u1eadt thanh b\u00ean n\u1ebfu b\u1ea1n mu\u1ed1n. V\u00e0 m\u1ed9t s\u1ed1 th\u00f4ng tin s\u1ebd \u0111\u01b0\u1ee3c th\u00eam v\u00e0o \u0111\u00e2y.<\/p>","protected":false},"author":1,"featured_media":0,"parent":0,"menu_order":0,"comment_status":"closed","ping_status":"closed","template":"sitemap.php","meta":{"footnotes":""},"class_list":["post-311","page","type-page","status-publish"],"_links":{"self":[{"href":"https:\/\/treidy.com\/vi\/wp-json\/wp\/v2\/pages\/311","targetHints":{"allow":["GET"]}}],"collection":[{"href":"https:\/\/treidy.com\/vi\/wp-json\/wp\/v2\/pages"}],"about":[{"href":"https:\/\/treidy.com\/vi\/wp-json\/wp\/v2\/types\/page"}],"author":[{"embeddable":true,"href":"https:\/\/treidy.com\/vi\/wp-json\/wp\/v2\/users\/1"}],"replies":[{"embeddable":true,"href":"https:\/\/treidy.com\/vi\/wp-json\/wp\/v2\/comments?post=311"}],"version-history":[{"count":0,"href":"https:\/\/treidy.com\/vi\/wp-json\/wp\/v2\/pages\/311\/revisions"}],"wp:attachment":[{"href":"https:\/\/treidy.com\/vi\/wp-json\/wp\/v2\/media?parent=311"}],"curies":[{"name":"trang web","href":"https:\/\/api.w.org\/{rel}","templated":true}]}}