{"id":311,"date":"2017-01-23T21:03:09","date_gmt":"2017-01-23T21:03:09","guid":{"rendered":"https:\/\/smartmag.theme-sphere.com\/zine\/sitemap\/"},"modified":"2017-01-23T21:03:09","modified_gmt":"2017-01-23T21:03:09","slug":"site-haritasi","status":"publish","type":"page","link":"https:\/\/treidy.com\/tr\/sitemap\/","title":{"rendered":"Site haritas\u0131"},"content":{"rendered":"<p>\u0130sterseniz buraya \u00f6zel bir mesaj ekleyebilirsiniz; site haritas\u0131n\u0131n nas\u0131l kullan\u0131laca\u011f\u0131n\u0131 tan\u0131mlayabilir veya birka\u00e7 yararl\u0131 istatistik verebilirsiniz. Kendi \u00f6ne \u00e7\u0131kan g\u00f6rselinizi ayarlay\u0131n ve isterseniz kenar \u00e7ubu\u011funu etkinle\u015ftirin.<\/p>\n<p>Ve buraya eklenecek baz\u0131 bilgiler.<\/p>","protected":false},"excerpt":{"rendered":"<p>\u0130sterseniz buraya \u00f6zel bir mesaj ekleyebilirsiniz; site haritas\u0131n\u0131n nas\u0131l kullan\u0131laca\u011f\u0131n\u0131 tan\u0131mlayabilir veya birka\u00e7 yararl\u0131 istatistik verebilirsiniz. Kendi \u00f6ne \u00e7\u0131kan g\u00f6rselinizi ayarlay\u0131n ve isterseniz kenar \u00e7ubu\u011funu etkinle\u015ftirin. Ve buraya eklenecek baz\u0131 bilgiler.<\/p>","protected":false},"author":1,"featured_media":0,"parent":0,"menu_order":0,"comment_status":"closed","ping_status":"closed","template":"sitemap.php","meta":{"footnotes":""},"class_list":["post-311","page","type-page","status-publish"],"_links":{"self":[{"href":"https:\/\/treidy.com\/tr\/wp-json\/wp\/v2\/pages\/311","targetHints":{"allow":["GET"]}}],"collection":[{"href":"https:\/\/treidy.com\/tr\/wp-json\/wp\/v2\/pages"}],"about":[{"href":"https:\/\/treidy.com\/tr\/wp-json\/wp\/v2\/types\/page"}],"author":[{"embeddable":true,"href":"https:\/\/treidy.com\/tr\/wp-json\/wp\/v2\/users\/1"}],"replies":[{"embeddable":true,"href":"https:\/\/treidy.com\/tr\/wp-json\/wp\/v2\/comments?post=311"}],"version-history":[{"count":0,"href":"https:\/\/treidy.com\/tr\/wp-json\/wp\/v2\/pages\/311\/revisions"}],"wp:attachment":[{"href":"https:\/\/treidy.com\/tr\/wp-json\/wp\/v2\/media?parent=311"}],"curies":[{"name":"wp","href":"https:\/\/api.w.org\/{rel}","templated":true}]}}