{"id":304,"date":"2017-01-23T20:30:43","date_gmt":"2017-01-23T20:30:43","guid":{"rendered":"https:\/\/smartmag.theme-sphere.com\/zine\/get-in-touch\/"},"modified":"2017-01-23T20:30:43","modified_gmt":"2017-01-23T20:30:43","slug":"temasta-olmak","status":"publish","type":"page","link":"https:\/\/treidy.com\/tr\/get-in-touch\/","title":{"rendered":"Temasta olmak"},"content":{"rendered":"<iframe loading=\"lazy\" src=\"https:\/\/maps.google.com\/maps?f=q&amp;source=s_q&amp;hl=en&amp;geocode=&amp;q=lorem&amp;aq=&amp;sll=37.0625,-95.677068&amp;sspn=61.153041,135.263672&amp;ie=UTF8&amp;hq=lorem&amp;hnear=&amp;t=m&amp;cid=17867517406144382175&amp;ll=42.349156,-71.150465&amp;spn=0.01903,0.051498&amp;z=14&amp;output=embed\" width=\"100%\" height=\"300\" frameborder=\"0\" marginwidth=\"0\" marginheight=\"0\" scrolling=\"no\"><\/iframe>\n\n\n\n<p>Lorem Ipsum Press&#039;in lisans\u0131 \u015fu \u015fekildedir:\u00a0<a rel=\"noopener\" href=\"#\" target=\"_blank\">Biyonetwork Ltd.<\/a>\u00a0Ofisimiz \u015firket binas\u0131 i\u00e7erisinde yer almaktad\u0131r.<\/p>\n\n\n\n<p><strong>Adres:<\/strong> Lorem 15 Str., 4844, Ipsum, Eyalet, Birle\u015fik Krall\u0131k<br><strong>Telefon:<\/strong> +30-2106019311<\/p>\n\n\n\n<hr class=\"wp-block-separator is-style-wide\"\/>\n\n\n\n<div class=\"wp-block-contact-form-7-contact-form-selector\"><p class=\"wpcf7-contact-form-not-found\"><strong>TAMAM:<\/strong> \u0130leti\u015fim form\u00fcl\u00fc bulunamad\u0131.<\/p><\/div>","protected":false},"excerpt":{"rendered":"<p>Lorem Ipsum Press, Bionetwork Ltd. taraf\u0131ndan lisanslanm\u0131\u015ft\u0131r. Ofisimiz \u015firket binas\u0131nda bulunmaktad\u0131r. Adres: Lorem 15 Str., 4844, Ipsum, State, UKTelefon: +30-2106019311<\/p>","protected":false},"author":1,"featured_media":0,"parent":0,"menu_order":0,"comment_status":"closed","ping_status":"closed","template":"","meta":{"footnotes":""},"class_list":["post-304","page","type-page","status-publish"],"_links":{"self":[{"href":"https:\/\/treidy.com\/tr\/wp-json\/wp\/v2\/pages\/304","targetHints":{"allow":["GET"]}}],"collection":[{"href":"https:\/\/treidy.com\/tr\/wp-json\/wp\/v2\/pages"}],"about":[{"href":"https:\/\/treidy.com\/tr\/wp-json\/wp\/v2\/types\/page"}],"author":[{"embeddable":true,"href":"https:\/\/treidy.com\/tr\/wp-json\/wp\/v2\/users\/1"}],"replies":[{"embeddable":true,"href":"https:\/\/treidy.com\/tr\/wp-json\/wp\/v2\/comments?post=304"}],"version-history":[{"count":0,"href":"https:\/\/treidy.com\/tr\/wp-json\/wp\/v2\/pages\/304\/revisions"}],"wp:attachment":[{"href":"https:\/\/treidy.com\/tr\/wp-json\/wp\/v2\/media?parent=304"}],"curies":[{"name":"wp","href":"https:\/\/api.w.org\/{rel}","templated":true}]}}