{"id":311,"date":"2017-01-23T21:03:09","date_gmt":"2017-01-23T21:03:09","guid":{"rendered":"https:\/\/smartmag.theme-sphere.com\/zine\/sitemap\/"},"modified":"2017-01-23T21:03:09","modified_gmt":"2017-01-23T21:03:09","slug":"webbplatskarta","status":"publish","type":"page","link":"https:\/\/treidy.com\/sv\/sitemap\/","title":{"rendered":"Webbplatskarta"},"content":{"rendered":"<p>H\u00e4r kan du l\u00e4gga till ett anpassat meddelande om du vill \u2013 kanske definiera hur man anv\u00e4nder webbplatskarta eller ge lite anv\u00e4ndbar statistik. St\u00e4ll in din egen utvalda bild och aktivera sidof\u00e4ltet om du vill.<\/p>\n<p>Och lite info ska l\u00e4ggas till h\u00e4r.<\/p>","protected":false},"excerpt":{"rendered":"<p>H\u00e4r kan du l\u00e4gga till ett anpassat meddelande om du vill \u2013 kanske definiera hur man anv\u00e4nder webbplatskarta eller ge lite anv\u00e4ndbar statistik. St\u00e4ll in din egen utvalda bild och aktivera sidof\u00e4ltet om du vill. Och lite info ska l\u00e4ggas till h\u00e4r.<\/p>","protected":false},"author":1,"featured_media":0,"parent":0,"menu_order":0,"comment_status":"closed","ping_status":"closed","template":"sitemap.php","meta":{"footnotes":""},"class_list":["post-311","page","type-page","status-publish"],"_links":{"self":[{"href":"https:\/\/treidy.com\/sv\/wp-json\/wp\/v2\/pages\/311","targetHints":{"allow":["GET"]}}],"collection":[{"href":"https:\/\/treidy.com\/sv\/wp-json\/wp\/v2\/pages"}],"about":[{"href":"https:\/\/treidy.com\/sv\/wp-json\/wp\/v2\/types\/page"}],"author":[{"embeddable":true,"href":"https:\/\/treidy.com\/sv\/wp-json\/wp\/v2\/users\/1"}],"replies":[{"embeddable":true,"href":"https:\/\/treidy.com\/sv\/wp-json\/wp\/v2\/comments?post=311"}],"version-history":[{"count":0,"href":"https:\/\/treidy.com\/sv\/wp-json\/wp\/v2\/pages\/311\/revisions"}],"wp:attachment":[{"href":"https:\/\/treidy.com\/sv\/wp-json\/wp\/v2\/media?parent=311"}],"curies":[{"name":"wp","href":"https:\/\/api.w.org\/{rel}","templated":true}]}}