{"id":311,"date":"2017-01-23T21:03:09","date_gmt":"2017-01-23T21:03:09","guid":{"rendered":"https:\/\/smartmag.theme-sphere.com\/zine\/sitemap\/"},"modified":"2017-01-23T21:03:09","modified_gmt":"2017-01-23T21:03:09","slug":"zemljevid-spletnega-mesta","status":"publish","type":"page","link":"https:\/\/treidy.com\/sl\/sitemap\/","title":{"rendered":"Zemljevid spletnega mesta"},"content":{"rendered":"<p>Tukaj lahko dodate sporo\u010dilo po meri, \u010de \u017eelite \u2013 morda dolo\u010dite, kako uporabljati zemljevid spletnega mesta ali podate nekaj uporabnih statisti\u010dnih podatkov. Nastavite svojo predstavljeno sliko in omogo\u010dite stransko vrstico, \u010de \u017eelite.<\/p>\n<p>Tukaj je treba dodati nekaj informacij.<\/p>","protected":false},"excerpt":{"rendered":"<p>Tukaj lahko dodate sporo\u010dilo po meri, \u010de \u017eelite \u2013 morda dolo\u010dite, kako uporabljati zemljevid spletnega mesta ali podate nekaj uporabnih statisti\u010dnih podatkov. Nastavite svojo predstavljeno sliko in omogo\u010dite stransko vrstico, \u010de \u017eelite. Tukaj je treba dodati nekaj informacij.<\/p>","protected":false},"author":1,"featured_media":0,"parent":0,"menu_order":0,"comment_status":"closed","ping_status":"closed","template":"sitemap.php","meta":{"footnotes":""},"class_list":["post-311","page","type-page","status-publish"],"_links":{"self":[{"href":"https:\/\/treidy.com\/sl\/wp-json\/wp\/v2\/pages\/311","targetHints":{"allow":["GET"]}}],"collection":[{"href":"https:\/\/treidy.com\/sl\/wp-json\/wp\/v2\/pages"}],"about":[{"href":"https:\/\/treidy.com\/sl\/wp-json\/wp\/v2\/types\/page"}],"author":[{"embeddable":true,"href":"https:\/\/treidy.com\/sl\/wp-json\/wp\/v2\/users\/1"}],"replies":[{"embeddable":true,"href":"https:\/\/treidy.com\/sl\/wp-json\/wp\/v2\/comments?post=311"}],"version-history":[{"count":0,"href":"https:\/\/treidy.com\/sl\/wp-json\/wp\/v2\/pages\/311\/revisions"}],"wp:attachment":[{"href":"https:\/\/treidy.com\/sl\/wp-json\/wp\/v2\/media?parent=311"}],"curies":[{"name":"delovni list","href":"https:\/\/api.w.org\/{rel}","templated":true}]}}