{"id":311,"date":"2017-01-23T21:03:09","date_gmt":"2017-01-23T21:03:09","guid":{"rendered":"https:\/\/smartmag.theme-sphere.com\/zine\/sitemap\/"},"modified":"2017-01-23T21:03:09","modified_gmt":"2017-01-23T21:03:09","slug":"mapa-stranok","status":"publish","type":"page","link":"https:\/\/treidy.com\/sk\/sitemap\/","title":{"rendered":"Sitemap"},"content":{"rendered":"<p>Tu m\u00f4\u017eete prida\u0165 vlastn\u00fa spr\u00e1vu, ak si to \u017eel\u00e1te \u2013 mo\u017eno definova\u0165, ako pou\u017e\u00edva\u0165 mapu str\u00e1nok alebo poskytn\u00fa\u0165 nieko\u013eko u\u017eito\u010dn\u00fdch \u0161tatist\u00edk. Nastavte si svoj vlastn\u00fd odpor\u00fa\u010dan\u00fd obr\u00e1zok a ak chcete, povo\u013ete bo\u010dn\u00fd panel.<\/p>\n<p>A tu treba doplni\u0165 nejak\u00e9 inform\u00e1cie.<\/p>","protected":false},"excerpt":{"rendered":"<p>Tu m\u00f4\u017eete prida\u0165 vlastn\u00fa spr\u00e1vu, ak si to \u017eel\u00e1te \u2013 mo\u017eno definova\u0165, ako pou\u017e\u00edva\u0165 mapu str\u00e1nok alebo poskytn\u00fa\u0165 nieko\u013eko u\u017eito\u010dn\u00fdch \u0161tatist\u00edk. Nastavte si svoj vlastn\u00fd odpor\u00fa\u010dan\u00fd obr\u00e1zok a ak chcete, povo\u013ete bo\u010dn\u00fd panel. A tu treba doplni\u0165 nejak\u00e9 inform\u00e1cie.<\/p>","protected":false},"author":1,"featured_media":0,"parent":0,"menu_order":0,"comment_status":"closed","ping_status":"closed","template":"sitemap.php","meta":{"footnotes":""},"class_list":["post-311","page","type-page","status-publish"],"_links":{"self":[{"href":"https:\/\/treidy.com\/sk\/wp-json\/wp\/v2\/pages\/311","targetHints":{"allow":["GET"]}}],"collection":[{"href":"https:\/\/treidy.com\/sk\/wp-json\/wp\/v2\/pages"}],"about":[{"href":"https:\/\/treidy.com\/sk\/wp-json\/wp\/v2\/types\/page"}],"author":[{"embeddable":true,"href":"https:\/\/treidy.com\/sk\/wp-json\/wp\/v2\/users\/1"}],"replies":[{"embeddable":true,"href":"https:\/\/treidy.com\/sk\/wp-json\/wp\/v2\/comments?post=311"}],"version-history":[{"count":0,"href":"https:\/\/treidy.com\/sk\/wp-json\/wp\/v2\/pages\/311\/revisions"}],"wp:attachment":[{"href":"https:\/\/treidy.com\/sk\/wp-json\/wp\/v2\/media?parent=311"}],"curies":[{"name":"pracovn\u00fd list","href":"https:\/\/api.w.org\/{rel}","templated":true}]}}