{"id":311,"date":"2017-01-23T21:03:09","date_gmt":"2017-01-23T21:03:09","guid":{"rendered":"https:\/\/smartmag.theme-sphere.com\/zine\/sitemap\/"},"modified":"2017-01-23T21:03:09","modified_gmt":"2017-01-23T21:03:09","slug":"mapa-witryny","status":"publish","type":"page","link":"https:\/\/treidy.com\/pl\/sitemap\/","title":{"rendered":"Mapa witryny"},"content":{"rendered":"<p>Tutaj mo\u017cesz doda\u0107 niestandardow\u0105 wiadomo\u015b\u0107, je\u015bli chcesz \u2013 na przyk\u0142ad okre\u015blaj\u0105c spos\u00f3b korzystania z mapy witryny lub podaj\u0105c kilka przydatnych statystyk. Ustaw w\u0142asny wyr\u00f3\u017cniony obraz i w\u0142\u0105cz pasek boczny, je\u015bli chcesz.<\/p>\n<p>I kilka informacji, kt\u00f3re nale\u017cy tu doda\u0107.<\/p>","protected":false},"excerpt":{"rendered":"<p>Tutaj mo\u017cesz doda\u0107 niestandardow\u0105 wiadomo\u015b\u0107, je\u015bli chcesz \u2013 na przyk\u0142ad okre\u015blaj\u0105c spos\u00f3b korzystania z mapy witryny lub podaj\u0105c kilka przydatnych statystyk. Ustaw w\u0142asny wyr\u00f3\u017cniony obraz i w\u0142\u0105cz pasek boczny, je\u015bli chcesz. I kilka informacji, kt\u00f3re nale\u017cy tu doda\u0107.<\/p>","protected":false},"author":1,"featured_media":0,"parent":0,"menu_order":0,"comment_status":"closed","ping_status":"closed","template":"sitemap.php","meta":{"footnotes":""},"class_list":["post-311","page","type-page","status-publish"],"_links":{"self":[{"href":"https:\/\/treidy.com\/pl\/wp-json\/wp\/v2\/pages\/311","targetHints":{"allow":["GET"]}}],"collection":[{"href":"https:\/\/treidy.com\/pl\/wp-json\/wp\/v2\/pages"}],"about":[{"href":"https:\/\/treidy.com\/pl\/wp-json\/wp\/v2\/types\/page"}],"author":[{"embeddable":true,"href":"https:\/\/treidy.com\/pl\/wp-json\/wp\/v2\/users\/1"}],"replies":[{"embeddable":true,"href":"https:\/\/treidy.com\/pl\/wp-json\/wp\/v2\/comments?post=311"}],"version-history":[{"count":0,"href":"https:\/\/treidy.com\/pl\/wp-json\/wp\/v2\/pages\/311\/revisions"}],"wp:attachment":[{"href":"https:\/\/treidy.com\/pl\/wp-json\/wp\/v2\/media?parent=311"}],"curies":[{"name":"wp","href":"https:\/\/api.w.org\/{rel}","templated":true}]}}