{"id":311,"date":"2017-01-23T21:03:09","date_gmt":"2017-01-23T21:03:09","guid":{"rendered":"https:\/\/smartmag.theme-sphere.com\/zine\/sitemap\/"},"modified":"2017-01-23T21:03:09","modified_gmt":"2017-01-23T21:03:09","slug":"svetaines-schema","status":"publish","type":"page","link":"https:\/\/treidy.com\/lt\/sitemap\/","title":{"rendered":"Svetain\u0117s schema"},"content":{"rendered":"<p>\u010cia galite prid\u0117ti pasirinktin\u012f prane\u0161im\u0105, jei norite \u2013 galb\u016bt apibr\u0117\u017eti, kaip naudoti svetain\u0117s schem\u0105, arba pateikti kelet\u0105 nauding\u0173 statistini\u0173 duomen\u0173. Nustatykite savo rodom\u0105 vaizd\u0105 ir, jei norite, \u012fgalinkite \u0161onin\u0119 juost\u0105.<\/p>\n<p>Ir \u010dia reikia prid\u0117ti \u0161iek tiek informacijos.<\/p>","protected":false},"excerpt":{"rendered":"<p>\u010cia galite prid\u0117ti pasirinktin\u012f prane\u0161im\u0105, jei norite \u2013 galb\u016bt apibr\u0117\u017eti, kaip naudoti svetain\u0117s schem\u0105, arba pateikti kelet\u0105 nauding\u0173 statistini\u0173 duomen\u0173. Nustatykite savo rodom\u0105 vaizd\u0105 ir, jei norite, \u012fgalinkite \u0161onin\u0119 juost\u0105. Ir \u010dia reikia prid\u0117ti \u0161iek tiek informacijos.<\/p>","protected":false},"author":1,"featured_media":0,"parent":0,"menu_order":0,"comment_status":"closed","ping_status":"closed","template":"sitemap.php","meta":{"footnotes":""},"class_list":["post-311","page","type-page","status-publish"],"_links":{"self":[{"href":"https:\/\/treidy.com\/lt\/wp-json\/wp\/v2\/pages\/311","targetHints":{"allow":["GET"]}}],"collection":[{"href":"https:\/\/treidy.com\/lt\/wp-json\/wp\/v2\/pages"}],"about":[{"href":"https:\/\/treidy.com\/lt\/wp-json\/wp\/v2\/types\/page"}],"author":[{"embeddable":true,"href":"https:\/\/treidy.com\/lt\/wp-json\/wp\/v2\/users\/1"}],"replies":[{"embeddable":true,"href":"https:\/\/treidy.com\/lt\/wp-json\/wp\/v2\/comments?post=311"}],"version-history":[{"count":0,"href":"https:\/\/treidy.com\/lt\/wp-json\/wp\/v2\/pages\/311\/revisions"}],"wp:attachment":[{"href":"https:\/\/treidy.com\/lt\/wp-json\/wp\/v2\/media?parent=311"}],"curies":[{"name":"wp","href":"https:\/\/api.w.org\/{rel}","templated":true}]}}