{"id":304,"date":"2017-01-23T20:30:43","date_gmt":"2017-01-23T20:30:43","guid":{"rendered":"https:\/\/smartmag.theme-sphere.com\/zine\/get-in-touch\/"},"modified":"2017-01-23T20:30:43","modified_gmt":"2017-01-23T20:30:43","slug":"susisiekti","status":"publish","type":"page","link":"https:\/\/treidy.com\/lt\/get-in-touch\/","title":{"rendered":"Susisiekti"},"content":{"rendered":"<iframe loading=\"lazy\" src=\"https:\/\/maps.google.com\/maps?f=q&amp;source=s_q&amp;hl=en&amp;geocode=&amp;q=lorem&amp;aq=&amp;sll=37.0625,-95.677068&amp;sspn=61.153041,135.263672&amp;ie=UTF8&amp;hq=lorem&amp;hnear=&amp;t=m&amp;cid=17867517406144382175&amp;ll=42.349156,-71.150465&amp;spn=0.01903,0.051498&amp;z=14&amp;output=embed\" width=\"100%\" height=\"300\" frameborder=\"0\" marginwidth=\"0\" marginheight=\"0\" scrolling=\"no\"><\/iframe>\n\n\n\n<p>\u201eLorem Ipsum Press\u201c licencij\u0105 turi\u00a0<a rel=\"noopener\" href=\"#\" target=\"_blank\">Bionetwork Ltd.<\/a>\u00a0M\u016bs\u0173 biuras yra \u012fmon\u0117s pastate.<\/p>\n\n\n\n<p><strong>Adresas:<\/strong> Lorem 15 Str., 4844, Ipsum, valstija, JK<br><strong>Telefonas:<\/strong> +30-2106019311<\/p>\n\n\n\n<hr class=\"wp-block-separator is-style-wide\"\/>\n\n\n\n<div class=\"wp-block-contact-form-7-contact-form-selector\"><p class=\"wpcf7-contact-form-not-found\"><strong>Klaida:<\/strong> Kontakt\u0173 nerasta forma.<\/p><\/div>","protected":false},"excerpt":{"rendered":"<p>Lorem Ipsum Press yra licencijuota Bionetwork Ltd. M\u016bs\u0173 biuras yra \u012fmon\u0117s pastate. Adresas: Lorem 15 Str., 4844, Ipsum, valstija, UKPphone: +30-2106019311<\/p>","protected":false},"author":1,"featured_media":0,"parent":0,"menu_order":0,"comment_status":"closed","ping_status":"closed","template":"","meta":{"footnotes":""},"class_list":["post-304","page","type-page","status-publish"],"_links":{"self":[{"href":"https:\/\/treidy.com\/lt\/wp-json\/wp\/v2\/pages\/304","targetHints":{"allow":["GET"]}}],"collection":[{"href":"https:\/\/treidy.com\/lt\/wp-json\/wp\/v2\/pages"}],"about":[{"href":"https:\/\/treidy.com\/lt\/wp-json\/wp\/v2\/types\/page"}],"author":[{"embeddable":true,"href":"https:\/\/treidy.com\/lt\/wp-json\/wp\/v2\/users\/1"}],"replies":[{"embeddable":true,"href":"https:\/\/treidy.com\/lt\/wp-json\/wp\/v2\/comments?post=304"}],"version-history":[{"count":0,"href":"https:\/\/treidy.com\/lt\/wp-json\/wp\/v2\/pages\/304\/revisions"}],"wp:attachment":[{"href":"https:\/\/treidy.com\/lt\/wp-json\/wp\/v2\/media?parent=304"}],"curies":[{"name":"wp","href":"https:\/\/api.w.org\/{rel}","templated":true}]}}