{"id":311,"date":"2017-01-23T21:03:09","date_gmt":"2017-01-23T21:03:09","guid":{"rendered":"https:\/\/smartmag.theme-sphere.com\/zine\/sitemap\/"},"modified":"2017-01-23T21:03:09","modified_gmt":"2017-01-23T21:03:09","slug":"oldalterkep","status":"publish","type":"page","link":"https:\/\/treidy.com\/hu\/sitemap\/","title":{"rendered":"Webhelyt\u00e9rk\u00e9p"},"content":{"rendered":"<p>Itt hozz\u00e1adhat egy egy\u00e9ni \u00fczenetet, ha szeretn\u00e9 \u2013 esetleg meghat\u00e1rozza az oldalt\u00e9rk\u00e9p haszn\u00e1lat\u00e1nak m\u00f3dj\u00e1t, vagy megadhat n\u00e9h\u00e1ny hasznos statisztik\u00e1t. \u00c1ll\u00edtsa be saj\u00e1t kiemelt k\u00e9p\u00e9t, \u00e9s enged\u00e9lyezze az oldals\u00e1vot, ha szeretn\u00e9.<\/p>\n<p>\u00c9s n\u00e9h\u00e1ny inf\u00f3t kell itt hozz\u00e1adni.<\/p>","protected":false},"excerpt":{"rendered":"<p>Itt hozz\u00e1adhat egy egy\u00e9ni \u00fczenetet, ha szeretn\u00e9 \u2013 esetleg meghat\u00e1rozza az oldalt\u00e9rk\u00e9p haszn\u00e1lat\u00e1nak m\u00f3dj\u00e1t, vagy megadhat n\u00e9h\u00e1ny hasznos statisztik\u00e1t. \u00c1ll\u00edtsa be saj\u00e1t kiemelt k\u00e9p\u00e9t, \u00e9s enged\u00e9lyezze az oldals\u00e1vot, ha szeretn\u00e9. \u00c9s n\u00e9h\u00e1ny inf\u00f3t kell itt hozz\u00e1adni.<\/p>","protected":false},"author":1,"featured_media":0,"parent":0,"menu_order":0,"comment_status":"closed","ping_status":"closed","template":"sitemap.php","meta":{"footnotes":""},"class_list":["post-311","page","type-page","status-publish"],"_links":{"self":[{"href":"https:\/\/treidy.com\/hu\/wp-json\/wp\/v2\/pages\/311","targetHints":{"allow":["GET"]}}],"collection":[{"href":"https:\/\/treidy.com\/hu\/wp-json\/wp\/v2\/pages"}],"about":[{"href":"https:\/\/treidy.com\/hu\/wp-json\/wp\/v2\/types\/page"}],"author":[{"embeddable":true,"href":"https:\/\/treidy.com\/hu\/wp-json\/wp\/v2\/users\/1"}],"replies":[{"embeddable":true,"href":"https:\/\/treidy.com\/hu\/wp-json\/wp\/v2\/comments?post=311"}],"version-history":[{"count":0,"href":"https:\/\/treidy.com\/hu\/wp-json\/wp\/v2\/pages\/311\/revisions"}],"wp:attachment":[{"href":"https:\/\/treidy.com\/hu\/wp-json\/wp\/v2\/media?parent=311"}],"curies":[{"name":"wp","href":"https:\/\/api.w.org\/{rel}","templated":true}]}}