{"id":311,"date":"2017-01-23T21:03:09","date_gmt":"2017-01-23T21:03:09","guid":{"rendered":"https:\/\/smartmag.theme-sphere.com\/zine\/sitemap\/"},"modified":"2017-01-23T21:03:09","modified_gmt":"2017-01-23T21:03:09","slug":"sitemap","status":"publish","type":"page","link":"https:\/\/treidy.com\/hr\/sitemap\/","title":{"rendered":"Sitemap"},"content":{"rendered":"<p>Ovdje mo\u017eete dodati prilago\u0111enu poruku ako \u017eelite \u2013 mo\u017eda definirati kako koristiti kartu web stranice ili dati nekoliko korisnih statistika. Postavite vlastitu istaknutu sliku i omogu\u0107ite bo\u010dnu traku ako \u017eelite.<\/p>\n<p>I neke informacije koje treba dodati ovdje.<\/p>","protected":false},"excerpt":{"rendered":"<p>Ovdje mo\u017eete dodati prilago\u0111enu poruku ako \u017eelite \u2013 mo\u017eda definirati kako koristiti kartu web stranice ili dati nekoliko korisnih statistika. Postavite vlastitu istaknutu sliku i omogu\u0107ite bo\u010dnu traku ako \u017eelite. I neke informacije koje treba dodati ovdje.<\/p>","protected":false},"author":1,"featured_media":0,"parent":0,"menu_order":0,"comment_status":"closed","ping_status":"closed","template":"sitemap.php","meta":{"footnotes":""},"class_list":["post-311","page","type-page","status-publish"],"_links":{"self":[{"href":"https:\/\/treidy.com\/hr\/wp-json\/wp\/v2\/pages\/311","targetHints":{"allow":["GET"]}}],"collection":[{"href":"https:\/\/treidy.com\/hr\/wp-json\/wp\/v2\/pages"}],"about":[{"href":"https:\/\/treidy.com\/hr\/wp-json\/wp\/v2\/types\/page"}],"author":[{"embeddable":true,"href":"https:\/\/treidy.com\/hr\/wp-json\/wp\/v2\/users\/1"}],"replies":[{"embeddable":true,"href":"https:\/\/treidy.com\/hr\/wp-json\/wp\/v2\/comments?post=311"}],"version-history":[{"count":0,"href":"https:\/\/treidy.com\/hr\/wp-json\/wp\/v2\/pages\/311\/revisions"}],"wp:attachment":[{"href":"https:\/\/treidy.com\/hr\/wp-json\/wp\/v2\/media?parent=311"}],"curies":[{"name":"radni list","href":"https:\/\/api.w.org\/{rel}","templated":true}]}}