{"id":311,"date":"2017-01-23T21:03:09","date_gmt":"2017-01-23T21:03:09","guid":{"rendered":"https:\/\/smartmag.theme-sphere.com\/zine\/sitemap\/"},"modified":"2017-01-23T21:03:09","modified_gmt":"2017-01-23T21:03:09","slug":"plan-du-site","status":"publish","type":"page","link":"https:\/\/treidy.com\/fr\/sitemap\/","title":{"rendered":"Plan du site"},"content":{"rendered":"<p>Ici, vous pouvez ajouter un message personnalis\u00e9 si vous le souhaitez \u2013 peut-\u00eatre d\u00e9finir comment utiliser le plan du site ou donner quelques statistiques utiles. D\u00e9finissez votre propre image s\u00e9lectionn\u00e9e et activez la barre lat\u00e9rale si vous le souhaitez.<\/p>\n<p>Et quelques informations \u00e0 ajouter ici.<\/p>","protected":false},"excerpt":{"rendered":"<p>Ici, vous pouvez ajouter un message personnalis\u00e9 si vous le souhaitez \u2013 peut-\u00eatre d\u00e9finir comment utiliser le plan du site ou donner quelques statistiques utiles. D\u00e9finissez votre propre image s\u00e9lectionn\u00e9e et activez la barre lat\u00e9rale si vous le souhaitez. Et quelques informations \u00e0 ajouter ici.<\/p>","protected":false},"author":1,"featured_media":0,"parent":0,"menu_order":0,"comment_status":"closed","ping_status":"closed","template":"sitemap.php","meta":{"footnotes":""},"class_list":["post-311","page","type-page","status-publish"],"_links":{"self":[{"href":"https:\/\/treidy.com\/fr\/wp-json\/wp\/v2\/pages\/311","targetHints":{"allow":["GET"]}}],"collection":[{"href":"https:\/\/treidy.com\/fr\/wp-json\/wp\/v2\/pages"}],"about":[{"href":"https:\/\/treidy.com\/fr\/wp-json\/wp\/v2\/types\/page"}],"author":[{"embeddable":true,"href":"https:\/\/treidy.com\/fr\/wp-json\/wp\/v2\/users\/1"}],"replies":[{"embeddable":true,"href":"https:\/\/treidy.com\/fr\/wp-json\/wp\/v2\/comments?post=311"}],"version-history":[{"count":0,"href":"https:\/\/treidy.com\/fr\/wp-json\/wp\/v2\/pages\/311\/revisions"}],"wp:attachment":[{"href":"https:\/\/treidy.com\/fr\/wp-json\/wp\/v2\/media?parent=311"}],"curies":[{"name":"wp","href":"https:\/\/api.w.org\/{rel}","templated":true}]}}