{"id":311,"date":"2017-01-23T21:03:09","date_gmt":"2017-01-23T21:03:09","guid":{"rendered":"https:\/\/smartmag.theme-sphere.com\/zine\/sitemap\/"},"modified":"2017-01-23T21:03:09","modified_gmt":"2017-01-23T21:03:09","slug":"sivustokartta","status":"publish","type":"page","link":"https:\/\/treidy.com\/fi\/sitemap\/","title":{"rendered":"Sivustokartta"},"content":{"rendered":"<p>T\u00e4nne voit halutessasi lis\u00e4t\u00e4 mukautetun viestin \u2013 ehk\u00e4 m\u00e4\u00e4ritell\u00e4 kuinka sivustokartta k\u00e4ytet\u00e4\u00e4n tai antaa muutamia hy\u00f6dyllisi\u00e4 tilastoja. Aseta oma esittelykuvasi ja ota sivupalkki k\u00e4ytt\u00f6\u00f6n, jos haluat.<\/p>\n<p>Ja v\u00e4h\u00e4n lis\u00e4tt\u00e4v\u00e4\u00e4 tietoa t\u00e4nne.<\/p>","protected":false},"excerpt":{"rendered":"<p>T\u00e4nne voit halutessasi lis\u00e4t\u00e4 mukautetun viestin \u2013 ehk\u00e4 m\u00e4\u00e4ritell\u00e4 kuinka sivustokartta k\u00e4ytet\u00e4\u00e4n tai antaa muutamia hy\u00f6dyllisi\u00e4 tilastoja. Aseta oma esittelykuvasi ja ota sivupalkki k\u00e4ytt\u00f6\u00f6n, jos haluat. Ja v\u00e4h\u00e4n lis\u00e4tt\u00e4v\u00e4\u00e4 tietoa t\u00e4nne.<\/p>","protected":false},"author":1,"featured_media":0,"parent":0,"menu_order":0,"comment_status":"closed","ping_status":"closed","template":"sitemap.php","meta":{"footnotes":""},"class_list":["post-311","page","type-page","status-publish"],"_links":{"self":[{"href":"https:\/\/treidy.com\/fi\/wp-json\/wp\/v2\/pages\/311","targetHints":{"allow":["GET"]}}],"collection":[{"href":"https:\/\/treidy.com\/fi\/wp-json\/wp\/v2\/pages"}],"about":[{"href":"https:\/\/treidy.com\/fi\/wp-json\/wp\/v2\/types\/page"}],"author":[{"embeddable":true,"href":"https:\/\/treidy.com\/fi\/wp-json\/wp\/v2\/users\/1"}],"replies":[{"embeddable":true,"href":"https:\/\/treidy.com\/fi\/wp-json\/wp\/v2\/comments?post=311"}],"version-history":[{"count":0,"href":"https:\/\/treidy.com\/fi\/wp-json\/wp\/v2\/pages\/311\/revisions"}],"wp:attachment":[{"href":"https:\/\/treidy.com\/fi\/wp-json\/wp\/v2\/media?parent=311"}],"curies":[{"name":"wp","href":"https:\/\/api.w.org\/{rel}","templated":true}]}}