{"id":311,"date":"2017-01-23T21:03:09","date_gmt":"2017-01-23T21:03:09","guid":{"rendered":"https:\/\/smartmag.theme-sphere.com\/zine\/sitemap\/"},"modified":"2017-01-23T21:03:09","modified_gmt":"2017-01-23T21:03:09","slug":"mapa-del-sitio","status":"publish","type":"page","link":"https:\/\/treidy.com\/es\/sitemap\/","title":{"rendered":"Mapa del sitio"},"content":{"rendered":"<p>Aqu\u00ed puede agregar un mensaje personalizado si lo desea, tal vez definiendo c\u00f3mo usar el mapa del sitio o brindando algunas estad\u00edsticas \u00fatiles. Configure su propia imagen destacada y habilite la barra lateral si lo desea.<\/p>\n<p>Y algo de informaci\u00f3n para agregar aqu\u00ed.<\/p>","protected":false},"excerpt":{"rendered":"<p>Aqu\u00ed puede agregar un mensaje personalizado si lo desea, tal vez definiendo c\u00f3mo usar el mapa del sitio o brindando algunas estad\u00edsticas \u00fatiles. Configure su propia imagen destacada y habilite la barra lateral si lo desea. Y algo de informaci\u00f3n para agregar aqu\u00ed.<\/p>","protected":false},"author":1,"featured_media":0,"parent":0,"menu_order":0,"comment_status":"closed","ping_status":"closed","template":"sitemap.php","meta":{"footnotes":""},"class_list":["post-311","page","type-page","status-publish"],"_links":{"self":[{"href":"https:\/\/treidy.com\/es\/wp-json\/wp\/v2\/pages\/311","targetHints":{"allow":["GET"]}}],"collection":[{"href":"https:\/\/treidy.com\/es\/wp-json\/wp\/v2\/pages"}],"about":[{"href":"https:\/\/treidy.com\/es\/wp-json\/wp\/v2\/types\/page"}],"author":[{"embeddable":true,"href":"https:\/\/treidy.com\/es\/wp-json\/wp\/v2\/users\/1"}],"replies":[{"embeddable":true,"href":"https:\/\/treidy.com\/es\/wp-json\/wp\/v2\/comments?post=311"}],"version-history":[{"count":0,"href":"https:\/\/treidy.com\/es\/wp-json\/wp\/v2\/pages\/311\/revisions"}],"wp:attachment":[{"href":"https:\/\/treidy.com\/es\/wp-json\/wp\/v2\/media?parent=311"}],"curies":[{"name":"wp","href":"https:\/\/api.w.org\/{rel}","templated":true}]}}