{"id":311,"date":"2017-01-23T21:03:09","date_gmt":"2017-01-23T21:03:09","guid":{"rendered":"https:\/\/smartmag.theme-sphere.com\/zine\/sitemap\/"},"modified":"2017-01-23T21:03:09","modified_gmt":"2017-01-23T21:03:09","slug":"seitenverzeichnis","status":"publish","type":"page","link":"https:\/\/treidy.com\/de\/sitemap\/","title":{"rendered":"Seitenverzeichnis"},"content":{"rendered":"<p>Hier k\u00f6nnen Sie bei Bedarf eine benutzerdefinierte Nachricht hinzuf\u00fcgen \u2013 beispielsweise um zu definieren, wie die Sitemap verwendet wird, oder um ein paar n\u00fctzliche Statistiken bereitzustellen. Legen Sie Ihr eigenes Bild fest und aktivieren Sie die Seitenleiste, wenn Sie m\u00f6chten.<\/p>\n<p>Und einige Informationen, die hier hinzugef\u00fcgt werden sollen.<\/p>","protected":false},"excerpt":{"rendered":"<p>Hier k\u00f6nnen Sie bei Bedarf eine benutzerdefinierte Nachricht hinzuf\u00fcgen \u2013 beispielsweise um zu definieren, wie die Sitemap verwendet wird, oder um ein paar n\u00fctzliche Statistiken bereitzustellen. Legen Sie Ihr eigenes Bild fest und aktivieren Sie die Seitenleiste, wenn Sie m\u00f6chten. Und einige Informationen, die hier hinzugef\u00fcgt werden sollen.<\/p>","protected":false},"author":1,"featured_media":0,"parent":0,"menu_order":0,"comment_status":"closed","ping_status":"closed","template":"sitemap.php","meta":{"footnotes":""},"class_list":["post-311","page","type-page","status-publish"],"_links":{"self":[{"href":"https:\/\/treidy.com\/de\/wp-json\/wp\/v2\/pages\/311","targetHints":{"allow":["GET"]}}],"collection":[{"href":"https:\/\/treidy.com\/de\/wp-json\/wp\/v2\/pages"}],"about":[{"href":"https:\/\/treidy.com\/de\/wp-json\/wp\/v2\/types\/page"}],"author":[{"embeddable":true,"href":"https:\/\/treidy.com\/de\/wp-json\/wp\/v2\/users\/1"}],"replies":[{"embeddable":true,"href":"https:\/\/treidy.com\/de\/wp-json\/wp\/v2\/comments?post=311"}],"version-history":[{"count":0,"href":"https:\/\/treidy.com\/de\/wp-json\/wp\/v2\/pages\/311\/revisions"}],"wp:attachment":[{"href":"https:\/\/treidy.com\/de\/wp-json\/wp\/v2\/media?parent=311"}],"curies":[{"name":"wp","href":"https:\/\/api.w.org\/{rel}","templated":true}]}}